{"id":2578,"date":"2023-02-09T10:01:36","date_gmt":"2023-02-09T10:01:36","guid":{"rendered":"https:\/\/salinas-electromecanica.com\/eus\/?post_type=product&#038;p=2578"},"modified":"2023-02-09T10:02:20","modified_gmt":"2023-02-09T10:02:20","slug":"pelahilos-abisorex","status":"publish","type":"product","link":"https:\/\/salinas-electromecanica.com\/eus\/producto\/pelahilos-abisorex\/","title":{"rendered":"Pelahilos ABISOREX"},"content":{"rendered":"<p>Pelahilos ABISOREX Para decapar hilo de cobre esmaltado<\/p>\n<p>Maquina pelahilos con el regulador de velocidad incorporado<\/p>\n<p>*Cabezales opcionales para hilo 0,2-1,5 y 0,3-4,0 m\/m<br \/>\n*Regulador de velocidad incorporado<br \/>\n*Maquina ligera robusta y fiable , calidad alemana<\/p>\n","protected":false},"excerpt":{"rendered":"<p>Pelahilos ABISOREX Para decapar hilo de cobre esmaltado Maquina pelahilos con el regulador de velocidad incorporado *Cabezales opcionales para hilo 0,2-1,5 y 0,3-4,0 m\/m *Regulador de velocidad incorporado *Maquina ligera robusta y fiable , calidad alemana<\/p>\n","protected":false},"featured_media":2579,"comment_status":"open","ping_status":"closed","template":"","meta":{"_et_pb_use_builder":"","_et_pb_old_content":"","_et_gb_content_width":""},"product_brand":[],"product_cat":[40],"product_tag":[],"class_list":{"0":"post-2578","1":"product","2":"type-product","3":"status-publish","4":"has-post-thumbnail","6":"product_cat-pelahilos","8":"first","9":"instock","10":"shipping-taxable","11":"product-type-simple"},"yoast_head":"<!-- This site is optimized with the Yoast SEO plugin v27.2 - https:\/\/yoast.com\/product\/yoast-seo-wordpress\/ -->\n<title>Pelahilos ABISOREX - Salinas Electromec\u00e1nica<\/title>\n<meta name=\"robots\" content=\"index, follow, max-snippet:-1, max-image-preview:large, max-video-preview:-1\" \/>\n<link rel=\"canonical\" href=\"https:\/\/salinas-electromecanica.com\/eus\/producto\/pelahilos-abisorex\/\" \/>\n<meta property=\"og:locale\" content=\"es_ES\" \/>\n<meta property=\"og:type\" content=\"article\" \/>\n<meta property=\"og:title\" content=\"Pelahilos ABISOREX - Salinas Electromec\u00e1nica\" \/>\n<meta property=\"og:description\" content=\"Pelahilos ABISOREX Para decapar hilo de cobre esmaltado Maquina pelahilos con el regulador de velocidad incorporado *Cabezales opcionales para hilo 0,2-1,5 y 0,3-4,0 m\/m *Regulador de velocidad incorporado *Maquina ligera robusta y fiable , calidad alemana\" \/>\n<meta property=\"og:url\" content=\"https:\/\/salinas-electromecanica.com\/eus\/producto\/pelahilos-abisorex\/\" \/>\n<meta property=\"og:site_name\" content=\"Salinas Electromec\u00e1nica\" \/>\n<meta property=\"article:modified_time\" content=\"2023-02-09T10:02:20+00:00\" \/>\n<meta property=\"og:image\" content=\"https:\/\/salinas-electromecanica.com\/eus\/wp-content\/uploads\/2023\/02\/aaaa.jpg\" \/>\n\t<meta property=\"og:image:width\" content=\"400\" \/>\n\t<meta property=\"og:image:height\" content=\"400\" \/>\n\t<meta property=\"og:image:type\" content=\"image\/jpeg\" \/>\n<meta name=\"twitter:card\" content=\"summary_large_image\" \/>\n<meta name=\"twitter:label1\" content=\"Tiempo de lectura\" \/>\n\t<meta name=\"twitter:data1\" content=\"1 minuto\" \/>\n<script type=\"application\/ld+json\" class=\"yoast-schema-graph\">{\"@context\":\"https:\/\/schema.org\",\"@graph\":[{\"@type\":\"WebPage\",\"@id\":\"https:\/\/salinas-electromecanica.com\/eus\/producto\/pelahilos-abisorex\/\",\"url\":\"https:\/\/salinas-electromecanica.com\/eus\/producto\/pelahilos-abisorex\/\",\"name\":\"Pelahilos ABISOREX - Salinas Electromec\u00e1nica\",\"isPartOf\":{\"@id\":\"https:\/\/salinas-electromecanica.com\/eus\/#website\"},\"primaryImageOfPage\":{\"@id\":\"https:\/\/salinas-electromecanica.com\/eus\/producto\/pelahilos-abisorex\/#primaryimage\"},\"image\":{\"@id\":\"https:\/\/salinas-electromecanica.com\/eus\/producto\/pelahilos-abisorex\/#primaryimage\"},\"thumbnailUrl\":\"https:\/\/salinas-electromecanica.com\/eus\/wp-content\/uploads\/2023\/02\/aaaa.jpg\",\"datePublished\":\"2023-02-09T10:01:36+00:00\",\"dateModified\":\"2023-02-09T10:02:20+00:00\",\"breadcrumb\":{\"@id\":\"https:\/\/salinas-electromecanica.com\/eus\/producto\/pelahilos-abisorex\/#breadcrumb\"},\"inLanguage\":\"es\",\"potentialAction\":[{\"@type\":\"ReadAction\",\"target\":[\"https:\/\/salinas-electromecanica.com\/eus\/producto\/pelahilos-abisorex\/\"]}]},{\"@type\":\"ImageObject\",\"inLanguage\":\"es\",\"@id\":\"https:\/\/salinas-electromecanica.com\/eus\/producto\/pelahilos-abisorex\/#primaryimage\",\"url\":\"https:\/\/salinas-electromecanica.com\/eus\/wp-content\/uploads\/2023\/02\/aaaa.jpg\",\"contentUrl\":\"https:\/\/salinas-electromecanica.com\/eus\/wp-content\/uploads\/2023\/02\/aaaa.jpg\",\"width\":400,\"height\":400},{\"@type\":\"BreadcrumbList\",\"@id\":\"https:\/\/salinas-electromecanica.com\/eus\/producto\/pelahilos-abisorex\/#breadcrumb\",\"itemListElement\":[{\"@type\":\"ListItem\",\"position\":1,\"name\":\"Portada\",\"item\":\"https:\/\/salinas-electromecanica.com\/eus\/\"},{\"@type\":\"ListItem\",\"position\":2,\"name\":\"Tienda\",\"item\":\"https:\/\/salinas-electromecanica.com\/eus\/tienda\/\"},{\"@type\":\"ListItem\",\"position\":3,\"name\":\"Pelahilos ABISOREX\"}]},{\"@type\":\"WebSite\",\"@id\":\"https:\/\/salinas-electromecanica.com\/eus\/#website\",\"url\":\"https:\/\/salinas-electromecanica.com\/eus\/\",\"name\":\"Salinas Electromec\u00e1nica\",\"description\":\"Comercializaci\u00f3n, mantenimiento y reparaci\u00f3n de maquinaria el\u00e9ctrica\",\"potentialAction\":[{\"@type\":\"SearchAction\",\"target\":{\"@type\":\"EntryPoint\",\"urlTemplate\":\"https:\/\/salinas-electromecanica.com\/eus\/?s={search_term_string}\"},\"query-input\":{\"@type\":\"PropertyValueSpecification\",\"valueRequired\":true,\"valueName\":\"search_term_string\"}}],\"inLanguage\":\"es\"}]}<\/script>\n<!-- \/ Yoast SEO plugin. -->","yoast_head_json":{"title":"Pelahilos ABISOREX - Salinas Electromec\u00e1nica","robots":{"index":"index","follow":"follow","max-snippet":"max-snippet:-1","max-image-preview":"max-image-preview:large","max-video-preview":"max-video-preview:-1"},"canonical":"https:\/\/salinas-electromecanica.com\/eus\/producto\/pelahilos-abisorex\/","og_locale":"es_ES","og_type":"article","og_title":"Pelahilos ABISOREX - Salinas Electromec\u00e1nica","og_description":"Pelahilos ABISOREX Para decapar hilo de cobre esmaltado Maquina pelahilos con el regulador de velocidad incorporado *Cabezales opcionales para hilo 0,2-1,5 y 0,3-4,0 m\/m *Regulador de velocidad incorporado *Maquina ligera robusta y fiable , calidad alemana","og_url":"https:\/\/salinas-electromecanica.com\/eus\/producto\/pelahilos-abisorex\/","og_site_name":"Salinas Electromec\u00e1nica","article_modified_time":"2023-02-09T10:02:20+00:00","og_image":[{"width":400,"height":400,"url":"https:\/\/salinas-electromecanica.com\/eus\/wp-content\/uploads\/2023\/02\/aaaa.jpg","type":"image\/jpeg"}],"twitter_card":"summary_large_image","twitter_misc":{"Tiempo de lectura":"1 minuto"},"schema":{"@context":"https:\/\/schema.org","@graph":[{"@type":"WebPage","@id":"https:\/\/salinas-electromecanica.com\/eus\/producto\/pelahilos-abisorex\/","url":"https:\/\/salinas-electromecanica.com\/eus\/producto\/pelahilos-abisorex\/","name":"Pelahilos ABISOREX - Salinas Electromec\u00e1nica","isPartOf":{"@id":"https:\/\/salinas-electromecanica.com\/eus\/#website"},"primaryImageOfPage":{"@id":"https:\/\/salinas-electromecanica.com\/eus\/producto\/pelahilos-abisorex\/#primaryimage"},"image":{"@id":"https:\/\/salinas-electromecanica.com\/eus\/producto\/pelahilos-abisorex\/#primaryimage"},"thumbnailUrl":"https:\/\/salinas-electromecanica.com\/eus\/wp-content\/uploads\/2023\/02\/aaaa.jpg","datePublished":"2023-02-09T10:01:36+00:00","dateModified":"2023-02-09T10:02:20+00:00","breadcrumb":{"@id":"https:\/\/salinas-electromecanica.com\/eus\/producto\/pelahilos-abisorex\/#breadcrumb"},"inLanguage":"es","potentialAction":[{"@type":"ReadAction","target":["https:\/\/salinas-electromecanica.com\/eus\/producto\/pelahilos-abisorex\/"]}]},{"@type":"ImageObject","inLanguage":"es","@id":"https:\/\/salinas-electromecanica.com\/eus\/producto\/pelahilos-abisorex\/#primaryimage","url":"https:\/\/salinas-electromecanica.com\/eus\/wp-content\/uploads\/2023\/02\/aaaa.jpg","contentUrl":"https:\/\/salinas-electromecanica.com\/eus\/wp-content\/uploads\/2023\/02\/aaaa.jpg","width":400,"height":400},{"@type":"BreadcrumbList","@id":"https:\/\/salinas-electromecanica.com\/eus\/producto\/pelahilos-abisorex\/#breadcrumb","itemListElement":[{"@type":"ListItem","position":1,"name":"Portada","item":"https:\/\/salinas-electromecanica.com\/eus\/"},{"@type":"ListItem","position":2,"name":"Tienda","item":"https:\/\/salinas-electromecanica.com\/eus\/tienda\/"},{"@type":"ListItem","position":3,"name":"Pelahilos ABISOREX"}]},{"@type":"WebSite","@id":"https:\/\/salinas-electromecanica.com\/eus\/#website","url":"https:\/\/salinas-electromecanica.com\/eus\/","name":"Salinas Electromec\u00e1nica","description":"Comercializaci\u00f3n, mantenimiento y reparaci\u00f3n de maquinaria el\u00e9ctrica","potentialAction":[{"@type":"SearchAction","target":{"@type":"EntryPoint","urlTemplate":"https:\/\/salinas-electromecanica.com\/eus\/?s={search_term_string}"},"query-input":{"@type":"PropertyValueSpecification","valueRequired":true,"valueName":"search_term_string"}}],"inLanguage":"es"}]}},"_links":{"self":[{"href":"https:\/\/salinas-electromecanica.com\/eus\/wp-json\/wp\/v2\/product\/2578","targetHints":{"allow":["GET"]}}],"collection":[{"href":"https:\/\/salinas-electromecanica.com\/eus\/wp-json\/wp\/v2\/product"}],"about":[{"href":"https:\/\/salinas-electromecanica.com\/eus\/wp-json\/wp\/v2\/types\/product"}],"replies":[{"embeddable":true,"href":"https:\/\/salinas-electromecanica.com\/eus\/wp-json\/wp\/v2\/comments?post=2578"}],"wp:featuredmedia":[{"embeddable":true,"href":"https:\/\/salinas-electromecanica.com\/eus\/wp-json\/wp\/v2\/media\/2579"}],"wp:attachment":[{"href":"https:\/\/salinas-electromecanica.com\/eus\/wp-json\/wp\/v2\/media?parent=2578"}],"wp:term":[{"taxonomy":"product_brand","embeddable":true,"href":"https:\/\/salinas-electromecanica.com\/eus\/wp-json\/wp\/v2\/product_brand?post=2578"},{"taxonomy":"product_cat","embeddable":true,"href":"https:\/\/salinas-electromecanica.com\/eus\/wp-json\/wp\/v2\/product_cat?post=2578"},{"taxonomy":"product_tag","embeddable":true,"href":"https:\/\/salinas-electromecanica.com\/eus\/wp-json\/wp\/v2\/product_tag?post=2578"}],"curies":[{"name":"wp","href":"https:\/\/api.w.org\/{rel}","templated":true}]}}