{"id":2564,"date":"2023-02-09T09:40:16","date_gmt":"2023-02-09T09:40:16","guid":{"rendered":"https:\/\/salinas-electromecanica.com\/eus\/?post_type=product&#038;p=2564"},"modified":"2023-02-09T09:40:17","modified_gmt":"2023-02-09T09:40:17","slug":"amoladora-recta-fein-msho-849-1z","status":"publish","type":"product","link":"https:\/\/salinas-electromecanica.com\/eus\/producto\/amoladora-recta-fein-msho-849-1z\/","title":{"rendered":"Amoladora recta Fein MSho 849-1Z"},"content":{"rendered":"<h2>Descripci\u00f3n<\/h2>\n<h4>Amoladora recta de alta frecuencia<br \/>\nHigh frequency grinder<\/h4>\n<h4>Modelo MSho 849-1z<\/h4>\n<p>Frecuencia Hz 300<\/p>\n<p>Tension\/tipo de corriente V(3~) 200<\/p>\n<p>Consumo nominal W 1 500<\/p>\n<p>Potencia suministrada W 1 050<\/p>\n<p>Velocidad en vacio rpm 18 000<\/p>\n<p>Cable m 5<\/p>\n<p>Peso segun EPTA kg 3,9<\/p>\n<p>Portaherramientas<\/p>\n<p>Disco abrasivo O mm 8<\/p>\n<p>Plato abrasivo elast. O mm 50<\/p>\n<p><strong>N\u00famero de pedido 7 823 20<\/strong><\/p>\n<p><a href=\"https:\/\/vserv09.fein.bawue.com\/spc\/index.php?r=item%2Flist&amp;id=7258\" target=\"_blank\" rel=\"noopener\">Ver despiece<\/a><\/p>\n<p>&nbsp;<\/p>\n<h4>\u00bfQu\u00e9 es alta frecuencia?<\/h4>\n<p>En la electrot\u00e9cnica solo las frecuencias superiores a 10 kHz se consideran alta frecuencia. No obstante, en las herramientas el\u00e9ctricas este concepto se ha introducido para todas las frecuencias de red que se hallan por encima de la frecuencia de red est\u00e1ndar (50\/60 Hz). Hoy en d\u00eda, para las herramientas el\u00e9ctricas de alta frecuencia se utiliza principalmente una frecuencia de 300 Hz.<br \/>\nEntonces, \u00bfpor qu\u00e9 se conduce la corriente desde la toma de corriente a una frecuencia m\u00e1s alta? Uno de los motivos es la b\u00fasqueda de mayor potencia. Al aumentar la frecuencia se consigue una velocidad m\u00e1s elevada. De forma directamente proporcional a la frecuencia aumentada se incrementa la potencia efectiva del motor: con 300 Hz la potencia se multiplica por seis, debido a que la frecuencia es seis veces superior a 50 Hz. Los convertidores de frecuencia necesarios para elevar la corriente a esta frecuencia se conectan a la red de corriente de alumbrado p\u00fablica o a la red trif\u00e1sica.<\/p>\n<h4>Ventajas<\/h4>\n<p>Al mismo tiempo, hay muchas otras ventajas que justifican el uso de herramientas el\u00e9ctricas de alta frecuencia en el entorno industrial: gracias a la elevada potencia, las velocidades ideales, el comportamiento de velocidad constante incluso bajo carga y el enorme rendimiento de desbaste que ello conlleva, la productividad aumenta de forma demostrable.:<br \/>\ngracias a la elevada potencia, las velocidades ideales, el comportamiento de velocidad constante incluso bajo carga y el enorme rendimiento de desbaste que ello conlleva, la productividad aumenta de forma demostrable.<br \/>\nEl desgaste de la herramienta se minimiza.<br \/>\nAl mismo tiempo, las herramientas el\u00e9ctricas de alta frecuencia se han dise\u00f1ado a nivel constructivo para una carga m\u00e1xima y costes de mantenimiento m\u00ednimos. El resultado es una duraci\u00f3n m\u00e1s elevada, tiempos improductivos m\u00e1s bajos y la reducci\u00f3n de los costes de mantenimiento y reparaci\u00f3n.<br \/>\nEn el uso continuo industrial, por ejemplo en el funcionamiento en varios turnos, la decisi\u00f3n de utilizar la alta frecuencia es muy importante para lograr m\u00e1s rentabilidad.<\/p>\n","protected":false},"excerpt":{"rendered":"<p>Descripci\u00f3n Amoladora recta de alta frecuencia High frequency grinder Modelo MSho 849-1z Frecuencia Hz 300 Tension\/tipo de corriente V(3~) 200 Consumo nominal W 1 500 Potencia suministrada W 1 050 Velocidad en vacio rpm 18 000 Cable m 5 Peso segun EPTA kg 3,9 Portaherramientas Disco abrasivo O mm 8 Plato abrasivo elast. O mm [&hellip;]<\/p>\n","protected":false},"featured_media":2565,"comment_status":"open","ping_status":"closed","template":"","meta":{"_et_pb_use_builder":"","_et_pb_old_content":"","_et_gb_content_width":""},"product_brand":[],"product_cat":[39],"product_tag":[],"class_list":{"0":"post-2564","1":"product","2":"type-product","3":"status-publish","4":"has-post-thumbnail","6":"product_cat-alta-frecuencia","8":"first","9":"instock","10":"shipping-taxable","11":"product-type-simple"},"yoast_head":"<!-- This site is optimized with the Yoast SEO plugin v27.2 - https:\/\/yoast.com\/product\/yoast-seo-wordpress\/ -->\n<title>Amoladora recta Fein MSho 849-1Z - Salinas Electromec\u00e1nica<\/title>\n<meta name=\"robots\" content=\"index, follow, max-snippet:-1, max-image-preview:large, max-video-preview:-1\" \/>\n<link rel=\"canonical\" href=\"https:\/\/salinas-electromecanica.com\/eus\/producto\/amoladora-recta-fein-msho-849-1z\/\" \/>\n<meta property=\"og:locale\" content=\"es_ES\" \/>\n<meta property=\"og:type\" content=\"article\" \/>\n<meta property=\"og:title\" content=\"Amoladora recta Fein MSho 849-1Z - Salinas Electromec\u00e1nica\" \/>\n<meta property=\"og:description\" content=\"Descripci\u00f3n Amoladora recta de alta frecuencia High frequency grinder Modelo MSho 849-1z Frecuencia Hz 300 Tension\/tipo de corriente V(3~) 200 Consumo nominal W 1 500 Potencia suministrada W 1 050 Velocidad en vacio rpm 18 000 Cable m 5 Peso segun EPTA kg 3,9 Portaherramientas Disco abrasivo O mm 8 Plato abrasivo elast. O mm [&hellip;]\" \/>\n<meta property=\"og:url\" content=\"https:\/\/salinas-electromecanica.com\/eus\/producto\/amoladora-recta-fein-msho-849-1z\/\" \/>\n<meta property=\"og:site_name\" content=\"Salinas Electromec\u00e1nica\" \/>\n<meta property=\"article:modified_time\" content=\"2023-02-09T09:40:17+00:00\" \/>\n<meta property=\"og:image\" content=\"https:\/\/salinas-electromecanica.com\/eus\/wp-content\/uploads\/2023\/02\/xxx.jpg\" \/>\n\t<meta property=\"og:image:width\" content=\"400\" \/>\n\t<meta property=\"og:image:height\" content=\"400\" \/>\n\t<meta property=\"og:image:type\" content=\"image\/jpeg\" \/>\n<meta name=\"twitter:card\" content=\"summary_large_image\" \/>\n<meta name=\"twitter:label1\" content=\"Tiempo de lectura\" \/>\n\t<meta name=\"twitter:data1\" content=\"2 minutos\" \/>\n<script type=\"application\/ld+json\" class=\"yoast-schema-graph\">{\"@context\":\"https:\/\/schema.org\",\"@graph\":[{\"@type\":\"WebPage\",\"@id\":\"https:\/\/salinas-electromecanica.com\/eus\/producto\/amoladora-recta-fein-msho-849-1z\/\",\"url\":\"https:\/\/salinas-electromecanica.com\/eus\/producto\/amoladora-recta-fein-msho-849-1z\/\",\"name\":\"Amoladora recta Fein MSho 849-1Z - Salinas Electromec\u00e1nica\",\"isPartOf\":{\"@id\":\"https:\/\/salinas-electromecanica.com\/eus\/#website\"},\"primaryImageOfPage\":{\"@id\":\"https:\/\/salinas-electromecanica.com\/eus\/producto\/amoladora-recta-fein-msho-849-1z\/#primaryimage\"},\"image\":{\"@id\":\"https:\/\/salinas-electromecanica.com\/eus\/producto\/amoladora-recta-fein-msho-849-1z\/#primaryimage\"},\"thumbnailUrl\":\"https:\/\/salinas-electromecanica.com\/eus\/wp-content\/uploads\/2023\/02\/xxx.jpg\",\"datePublished\":\"2023-02-09T09:40:16+00:00\",\"dateModified\":\"2023-02-09T09:40:17+00:00\",\"breadcrumb\":{\"@id\":\"https:\/\/salinas-electromecanica.com\/eus\/producto\/amoladora-recta-fein-msho-849-1z\/#breadcrumb\"},\"inLanguage\":\"es\",\"potentialAction\":[{\"@type\":\"ReadAction\",\"target\":[\"https:\/\/salinas-electromecanica.com\/eus\/producto\/amoladora-recta-fein-msho-849-1z\/\"]}]},{\"@type\":\"ImageObject\",\"inLanguage\":\"es\",\"@id\":\"https:\/\/salinas-electromecanica.com\/eus\/producto\/amoladora-recta-fein-msho-849-1z\/#primaryimage\",\"url\":\"https:\/\/salinas-electromecanica.com\/eus\/wp-content\/uploads\/2023\/02\/xxx.jpg\",\"contentUrl\":\"https:\/\/salinas-electromecanica.com\/eus\/wp-content\/uploads\/2023\/02\/xxx.jpg\",\"width\":400,\"height\":400},{\"@type\":\"BreadcrumbList\",\"@id\":\"https:\/\/salinas-electromecanica.com\/eus\/producto\/amoladora-recta-fein-msho-849-1z\/#breadcrumb\",\"itemListElement\":[{\"@type\":\"ListItem\",\"position\":1,\"name\":\"Portada\",\"item\":\"https:\/\/salinas-electromecanica.com\/eus\/\"},{\"@type\":\"ListItem\",\"position\":2,\"name\":\"Tienda\",\"item\":\"https:\/\/salinas-electromecanica.com\/eus\/tienda\/\"},{\"@type\":\"ListItem\",\"position\":3,\"name\":\"Amoladora recta Fein MSho 849-1Z\"}]},{\"@type\":\"WebSite\",\"@id\":\"https:\/\/salinas-electromecanica.com\/eus\/#website\",\"url\":\"https:\/\/salinas-electromecanica.com\/eus\/\",\"name\":\"Salinas Electromec\u00e1nica\",\"description\":\"Comercializaci\u00f3n, mantenimiento y reparaci\u00f3n de maquinaria el\u00e9ctrica\",\"potentialAction\":[{\"@type\":\"SearchAction\",\"target\":{\"@type\":\"EntryPoint\",\"urlTemplate\":\"https:\/\/salinas-electromecanica.com\/eus\/?s={search_term_string}\"},\"query-input\":{\"@type\":\"PropertyValueSpecification\",\"valueRequired\":true,\"valueName\":\"search_term_string\"}}],\"inLanguage\":\"es\"}]}<\/script>\n<!-- \/ Yoast SEO plugin. -->","yoast_head_json":{"title":"Amoladora recta Fein MSho 849-1Z - Salinas Electromec\u00e1nica","robots":{"index":"index","follow":"follow","max-snippet":"max-snippet:-1","max-image-preview":"max-image-preview:large","max-video-preview":"max-video-preview:-1"},"canonical":"https:\/\/salinas-electromecanica.com\/eus\/producto\/amoladora-recta-fein-msho-849-1z\/","og_locale":"es_ES","og_type":"article","og_title":"Amoladora recta Fein MSho 849-1Z - Salinas Electromec\u00e1nica","og_description":"Descripci\u00f3n Amoladora recta de alta frecuencia High frequency grinder Modelo MSho 849-1z Frecuencia Hz 300 Tension\/tipo de corriente V(3~) 200 Consumo nominal W 1 500 Potencia suministrada W 1 050 Velocidad en vacio rpm 18 000 Cable m 5 Peso segun EPTA kg 3,9 Portaherramientas Disco abrasivo O mm 8 Plato abrasivo elast. O mm [&hellip;]","og_url":"https:\/\/salinas-electromecanica.com\/eus\/producto\/amoladora-recta-fein-msho-849-1z\/","og_site_name":"Salinas Electromec\u00e1nica","article_modified_time":"2023-02-09T09:40:17+00:00","og_image":[{"width":400,"height":400,"url":"https:\/\/salinas-electromecanica.com\/eus\/wp-content\/uploads\/2023\/02\/xxx.jpg","type":"image\/jpeg"}],"twitter_card":"summary_large_image","twitter_misc":{"Tiempo de lectura":"2 minutos"},"schema":{"@context":"https:\/\/schema.org","@graph":[{"@type":"WebPage","@id":"https:\/\/salinas-electromecanica.com\/eus\/producto\/amoladora-recta-fein-msho-849-1z\/","url":"https:\/\/salinas-electromecanica.com\/eus\/producto\/amoladora-recta-fein-msho-849-1z\/","name":"Amoladora recta Fein MSho 849-1Z - Salinas Electromec\u00e1nica","isPartOf":{"@id":"https:\/\/salinas-electromecanica.com\/eus\/#website"},"primaryImageOfPage":{"@id":"https:\/\/salinas-electromecanica.com\/eus\/producto\/amoladora-recta-fein-msho-849-1z\/#primaryimage"},"image":{"@id":"https:\/\/salinas-electromecanica.com\/eus\/producto\/amoladora-recta-fein-msho-849-1z\/#primaryimage"},"thumbnailUrl":"https:\/\/salinas-electromecanica.com\/eus\/wp-content\/uploads\/2023\/02\/xxx.jpg","datePublished":"2023-02-09T09:40:16+00:00","dateModified":"2023-02-09T09:40:17+00:00","breadcrumb":{"@id":"https:\/\/salinas-electromecanica.com\/eus\/producto\/amoladora-recta-fein-msho-849-1z\/#breadcrumb"},"inLanguage":"es","potentialAction":[{"@type":"ReadAction","target":["https:\/\/salinas-electromecanica.com\/eus\/producto\/amoladora-recta-fein-msho-849-1z\/"]}]},{"@type":"ImageObject","inLanguage":"es","@id":"https:\/\/salinas-electromecanica.com\/eus\/producto\/amoladora-recta-fein-msho-849-1z\/#primaryimage","url":"https:\/\/salinas-electromecanica.com\/eus\/wp-content\/uploads\/2023\/02\/xxx.jpg","contentUrl":"https:\/\/salinas-electromecanica.com\/eus\/wp-content\/uploads\/2023\/02\/xxx.jpg","width":400,"height":400},{"@type":"BreadcrumbList","@id":"https:\/\/salinas-electromecanica.com\/eus\/producto\/amoladora-recta-fein-msho-849-1z\/#breadcrumb","itemListElement":[{"@type":"ListItem","position":1,"name":"Portada","item":"https:\/\/salinas-electromecanica.com\/eus\/"},{"@type":"ListItem","position":2,"name":"Tienda","item":"https:\/\/salinas-electromecanica.com\/eus\/tienda\/"},{"@type":"ListItem","position":3,"name":"Amoladora recta Fein MSho 849-1Z"}]},{"@type":"WebSite","@id":"https:\/\/salinas-electromecanica.com\/eus\/#website","url":"https:\/\/salinas-electromecanica.com\/eus\/","name":"Salinas Electromec\u00e1nica","description":"Comercializaci\u00f3n, mantenimiento y reparaci\u00f3n de maquinaria el\u00e9ctrica","potentialAction":[{"@type":"SearchAction","target":{"@type":"EntryPoint","urlTemplate":"https:\/\/salinas-electromecanica.com\/eus\/?s={search_term_string}"},"query-input":{"@type":"PropertyValueSpecification","valueRequired":true,"valueName":"search_term_string"}}],"inLanguage":"es"}]}},"_links":{"self":[{"href":"https:\/\/salinas-electromecanica.com\/eus\/wp-json\/wp\/v2\/product\/2564","targetHints":{"allow":["GET"]}}],"collection":[{"href":"https:\/\/salinas-electromecanica.com\/eus\/wp-json\/wp\/v2\/product"}],"about":[{"href":"https:\/\/salinas-electromecanica.com\/eus\/wp-json\/wp\/v2\/types\/product"}],"replies":[{"embeddable":true,"href":"https:\/\/salinas-electromecanica.com\/eus\/wp-json\/wp\/v2\/comments?post=2564"}],"wp:featuredmedia":[{"embeddable":true,"href":"https:\/\/salinas-electromecanica.com\/eus\/wp-json\/wp\/v2\/media\/2565"}],"wp:attachment":[{"href":"https:\/\/salinas-electromecanica.com\/eus\/wp-json\/wp\/v2\/media?parent=2564"}],"wp:term":[{"taxonomy":"product_brand","embeddable":true,"href":"https:\/\/salinas-electromecanica.com\/eus\/wp-json\/wp\/v2\/product_brand?post=2564"},{"taxonomy":"product_cat","embeddable":true,"href":"https:\/\/salinas-electromecanica.com\/eus\/wp-json\/wp\/v2\/product_cat?post=2564"},{"taxonomy":"product_tag","embeddable":true,"href":"https:\/\/salinas-electromecanica.com\/eus\/wp-json\/wp\/v2\/product_tag?post=2564"}],"curies":[{"name":"wp","href":"https:\/\/api.w.org\/{rel}","templated":true}]}}