{"id":2560,"date":"2023-02-09T09:33:30","date_gmt":"2023-02-09T09:33:30","guid":{"rendered":"https:\/\/salinas-electromecanica.com\/eus\/?post_type=product&#038;p=2560"},"modified":"2023-02-09T09:33:30","modified_gmt":"2023-02-09T09:33:30","slug":"amoladora-recta-alta-frecuencia-tecmaf-aft-03753","status":"publish","type":"product","link":"https:\/\/salinas-electromecanica.com\/eus\/producto\/amoladora-recta-alta-frecuencia-tecmaf-aft-03753\/","title":{"rendered":"Amoladora recta Alta Frecuencia TECMAF AFT 03753"},"content":{"rendered":"<h2>Descripci\u00f3n<\/h2>\n<h6>Amoladora recta Alta Frecuencia TECMAF AFT 03753<\/h6>\n<p>Amoladora recta Alta Frecuencia TECMAF AFT 03753<\/p>\n<div class=\"col-md-6\">\n<div class=\"meta-item\">\n<div class=\"meta-name\">Modelo: AFT 03753<\/div>\n<\/div>\n<\/div>\n<div class=\"col-md-6\">\n<div class=\"meta-item\">\n<div class=\"meta-name\">Voltaje: 200\/380 V<\/div>\n<\/div>\n<\/div>\n<div class=\"col-md-6\">\n<div class=\"meta-item\">\n<div class=\"meta-name\">Potencia Nominal (S1): 1450 Watts<\/div>\n<\/div>\n<\/div>\n<div class=\"col-md-6\">\n<div class=\"meta-item\">\n<div class=\"meta-name\">Potencia Nominal (S6): 1450 Watts<\/div>\n<\/div>\n<\/div>\n<div class=\"col-md-6\">\n<div class=\"meta-item\">\n<div class=\"meta-name\">Rotaci\u00f3n Nominal: 13.000 RPM<\/div>\n<\/div>\n<\/div>\n<div class=\"col-md-6\">\n<div class=\"meta-item\">\n<div class=\"meta-name\">Corriente Nominal: 6,0\/ 3,5 Amp<\/div>\n<\/div>\n<\/div>\n<div class=\"col-md-6\">\n<div class=\"meta-item\">\n<div class=\"meta-name\">Frecuencia Nominal: 300 Hz<\/div>\n<\/div>\n<\/div>\n<div class=\"col-md-6\">\n<div class=\"meta-item\">\n<div class=\"meta-name\">Peso: 4,8 kg<\/div>\n<div>Di\u00e2metro M\u00e1x. de Muela Abrasiva: 101mm (4\u2033)<\/div>\n<div>Dimensiones:<\/div>\n<div>Longitud: 720mm<\/div>\n<div>Largura: 89mm<\/div>\n<div>Anchura: 92mm<\/div>\n<div>+<\/div>\n<div>\n<div class=\"titulo\">Amoladora Recta \u2013 Muela Ogival<\/div>\n<div class=\"subtitulo\">\n<p>Equipamiento desarrollado para trabajos con muela ojival, muela recta \u00d84\u2033 y discos de\u00a0 desbaste hasta \u00d84.1\/2\u2033\/ 101 mm. Esas caracter\u00edsticas permiten trabajar dentro de los m\u00e1s variados campos de metalurgia, ofreciendo condiciones especiales para acabado de piezas con seguridad y versatilidad.<\/p>\n<p>\u2013<\/p>\n<p><a href=\"http:\/\/tecmaf.com.br\/wp-content\/uploads\/2017\/11\/AFT-03753-13-Esmeril-Reto-Ogival.pdf\" target=\"_blank\" rel=\"noopener\">Ver despiece<\/a><\/p>\n<p>\u2013<\/p>\n<h3 class=\"fein800\">M\u00e1xima potencia en el uso continuo.<\/h3>\n<p class=\"info\">Frecuencia m\u00e1s elevada, velocidades constantes, potencia m\u00e1s elevada. Por su concepto superior de m\u00e1quinas, las herramientas el\u00e9ctricas de alta frecuencia son especialmente aptas para el uso en la mecanizaci\u00f3n y el conformado de metal, para el rectificado Heavy Duty y la aplicaci\u00f3n continua en el tronzado y desbastado bajo las condiciones mas duras.<\/p>\n<p>&nbsp;<\/p>\n<ul>\n<li>Gracias a las medidas constructivas como los motores de inducci\u00f3n y la renuncia a elementos de transmisi\u00f3n el\u00e9ctrica de desgaste como las escobillas, las amoladoras de alta frecuencia cumplen las exigencias de robustez y duraci\u00f3n m\u00e1s elevadas.<\/li>\n<li>Disponen de reservas de potencia cuyo promedio se encuentra en un 100 % superior al valor nominal.<\/li>\n<li>En la pr\u00e1ctica esto significa quela velocidad se mantiene constante en toda el \u00e1rea de carga. Para un trabajo eficiente con un alto rendimiento de desbaste y poco desgaste del disco.<\/li>\n<li>El programa de alta frecuencia de TECMAF ofrece una amplia gama de amoladoras angulares y amoladoras rectas para la industria y los profesionales.<br \/>\nLas herramientas el\u00e9ctricas TECMAF pueden utilizarse de forma port\u00e1til en obras mediante convertidores de frecuencia poratiles o bien en puestos de desbaste de instalaci\u00f3n fija.<\/li>\n<li>Las herramientas de alta frecuencia se usan, principalmente, para amolar. En este aspecto, la t\u00e9cnica con motores trif\u00e1sicos sin escobillas es muy superior a otros equipos. La extrema durabilidad y el bajo consumo de energ\u00eda caracterizan estos aparatos.<\/li>\n<\/ul>\n<\/div>\n<\/div>\n<\/div>\n<\/div>\n","protected":false},"excerpt":{"rendered":"<p>Descripci\u00f3n Amoladora recta Alta Frecuencia TECMAF AFT 03753 Amoladora recta Alta Frecuencia TECMAF AFT 03753 Modelo: AFT 03753 Voltaje: 200\/380 V Potencia Nominal (S1): 1450 Watts Potencia Nominal (S6): 1450 Watts Rotaci\u00f3n Nominal: 13.000 RPM Corriente Nominal: 6,0\/ 3,5 Amp Frecuencia Nominal: 300 Hz Peso: 4,8 kg Di\u00e2metro M\u00e1x. de Muela Abrasiva: 101mm (4\u2033) Dimensiones: [&hellip;]<\/p>\n","protected":false},"featured_media":2561,"comment_status":"open","ping_status":"closed","template":"","meta":{"_et_pb_use_builder":"","_et_pb_old_content":"","_et_gb_content_width":""},"product_brand":[],"product_cat":[39],"product_tag":[],"class_list":{"0":"post-2560","1":"product","2":"type-product","3":"status-publish","4":"has-post-thumbnail","6":"product_cat-alta-frecuencia","8":"first","9":"instock","10":"shipping-taxable","11":"product-type-simple"},"yoast_head":"<!-- This site is optimized with the Yoast SEO plugin v27.2 - https:\/\/yoast.com\/product\/yoast-seo-wordpress\/ -->\n<title>Amoladora recta Alta Frecuencia TECMAF AFT 03753 - Salinas Electromec\u00e1nica<\/title>\n<meta name=\"robots\" content=\"index, follow, max-snippet:-1, max-image-preview:large, max-video-preview:-1\" \/>\n<link rel=\"canonical\" href=\"https:\/\/salinas-electromecanica.com\/eus\/producto\/amoladora-recta-alta-frecuencia-tecmaf-aft-03753\/\" \/>\n<meta property=\"og:locale\" content=\"es_ES\" \/>\n<meta property=\"og:type\" content=\"article\" \/>\n<meta property=\"og:title\" content=\"Amoladora recta Alta Frecuencia TECMAF AFT 03753 - Salinas Electromec\u00e1nica\" \/>\n<meta property=\"og:description\" content=\"Descripci\u00f3n Amoladora recta Alta Frecuencia TECMAF AFT 03753 Amoladora recta Alta Frecuencia TECMAF AFT 03753 Modelo: AFT 03753 Voltaje: 200\/380 V Potencia Nominal (S1): 1450 Watts Potencia Nominal (S6): 1450 Watts Rotaci\u00f3n Nominal: 13.000 RPM Corriente Nominal: 6,0\/ 3,5 Amp Frecuencia Nominal: 300 Hz Peso: 4,8 kg Di\u00e2metro M\u00e1x. de Muela Abrasiva: 101mm (4\u2033) Dimensiones: [&hellip;]\" \/>\n<meta property=\"og:url\" content=\"https:\/\/salinas-electromecanica.com\/eus\/producto\/amoladora-recta-alta-frecuencia-tecmaf-aft-03753\/\" \/>\n<meta property=\"og:site_name\" content=\"Salinas Electromec\u00e1nica\" \/>\n<meta property=\"og:image\" content=\"https:\/\/salinas-electromecanica.com\/eus\/wp-content\/uploads\/2023\/02\/xx.jpg\" \/>\n\t<meta property=\"og:image:width\" content=\"400\" \/>\n\t<meta property=\"og:image:height\" content=\"400\" \/>\n\t<meta property=\"og:image:type\" content=\"image\/jpeg\" \/>\n<meta name=\"twitter:card\" content=\"summary_large_image\" \/>\n<meta name=\"twitter:label1\" content=\"Tiempo de lectura\" \/>\n\t<meta name=\"twitter:data1\" content=\"2 minutos\" \/>\n<script type=\"application\/ld+json\" class=\"yoast-schema-graph\">{\"@context\":\"https:\/\/schema.org\",\"@graph\":[{\"@type\":\"WebPage\",\"@id\":\"https:\/\/salinas-electromecanica.com\/eus\/producto\/amoladora-recta-alta-frecuencia-tecmaf-aft-03753\/\",\"url\":\"https:\/\/salinas-electromecanica.com\/eus\/producto\/amoladora-recta-alta-frecuencia-tecmaf-aft-03753\/\",\"name\":\"Amoladora recta Alta Frecuencia TECMAF AFT 03753 - Salinas Electromec\u00e1nica\",\"isPartOf\":{\"@id\":\"https:\/\/salinas-electromecanica.com\/eus\/#website\"},\"primaryImageOfPage\":{\"@id\":\"https:\/\/salinas-electromecanica.com\/eus\/producto\/amoladora-recta-alta-frecuencia-tecmaf-aft-03753\/#primaryimage\"},\"image\":{\"@id\":\"https:\/\/salinas-electromecanica.com\/eus\/producto\/amoladora-recta-alta-frecuencia-tecmaf-aft-03753\/#primaryimage\"},\"thumbnailUrl\":\"https:\/\/salinas-electromecanica.com\/eus\/wp-content\/uploads\/2023\/02\/xx.jpg\",\"datePublished\":\"2023-02-09T09:33:30+00:00\",\"breadcrumb\":{\"@id\":\"https:\/\/salinas-electromecanica.com\/eus\/producto\/amoladora-recta-alta-frecuencia-tecmaf-aft-03753\/#breadcrumb\"},\"inLanguage\":\"es\",\"potentialAction\":[{\"@type\":\"ReadAction\",\"target\":[\"https:\/\/salinas-electromecanica.com\/eus\/producto\/amoladora-recta-alta-frecuencia-tecmaf-aft-03753\/\"]}]},{\"@type\":\"ImageObject\",\"inLanguage\":\"es\",\"@id\":\"https:\/\/salinas-electromecanica.com\/eus\/producto\/amoladora-recta-alta-frecuencia-tecmaf-aft-03753\/#primaryimage\",\"url\":\"https:\/\/salinas-electromecanica.com\/eus\/wp-content\/uploads\/2023\/02\/xx.jpg\",\"contentUrl\":\"https:\/\/salinas-electromecanica.com\/eus\/wp-content\/uploads\/2023\/02\/xx.jpg\",\"width\":400,\"height\":400},{\"@type\":\"BreadcrumbList\",\"@id\":\"https:\/\/salinas-electromecanica.com\/eus\/producto\/amoladora-recta-alta-frecuencia-tecmaf-aft-03753\/#breadcrumb\",\"itemListElement\":[{\"@type\":\"ListItem\",\"position\":1,\"name\":\"Portada\",\"item\":\"https:\/\/salinas-electromecanica.com\/eus\/\"},{\"@type\":\"ListItem\",\"position\":2,\"name\":\"Tienda\",\"item\":\"https:\/\/salinas-electromecanica.com\/eus\/tienda\/\"},{\"@type\":\"ListItem\",\"position\":3,\"name\":\"Amoladora recta Alta Frecuencia TECMAF AFT 03753\"}]},{\"@type\":\"WebSite\",\"@id\":\"https:\/\/salinas-electromecanica.com\/eus\/#website\",\"url\":\"https:\/\/salinas-electromecanica.com\/eus\/\",\"name\":\"Salinas Electromec\u00e1nica\",\"description\":\"Comercializaci\u00f3n, mantenimiento y reparaci\u00f3n de maquinaria el\u00e9ctrica\",\"potentialAction\":[{\"@type\":\"SearchAction\",\"target\":{\"@type\":\"EntryPoint\",\"urlTemplate\":\"https:\/\/salinas-electromecanica.com\/eus\/?s={search_term_string}\"},\"query-input\":{\"@type\":\"PropertyValueSpecification\",\"valueRequired\":true,\"valueName\":\"search_term_string\"}}],\"inLanguage\":\"es\"}]}<\/script>\n<!-- \/ Yoast SEO plugin. -->","yoast_head_json":{"title":"Amoladora recta Alta Frecuencia TECMAF AFT 03753 - Salinas Electromec\u00e1nica","robots":{"index":"index","follow":"follow","max-snippet":"max-snippet:-1","max-image-preview":"max-image-preview:large","max-video-preview":"max-video-preview:-1"},"canonical":"https:\/\/salinas-electromecanica.com\/eus\/producto\/amoladora-recta-alta-frecuencia-tecmaf-aft-03753\/","og_locale":"es_ES","og_type":"article","og_title":"Amoladora recta Alta Frecuencia TECMAF AFT 03753 - Salinas Electromec\u00e1nica","og_description":"Descripci\u00f3n Amoladora recta Alta Frecuencia TECMAF AFT 03753 Amoladora recta Alta Frecuencia TECMAF AFT 03753 Modelo: AFT 03753 Voltaje: 200\/380 V Potencia Nominal (S1): 1450 Watts Potencia Nominal (S6): 1450 Watts Rotaci\u00f3n Nominal: 13.000 RPM Corriente Nominal: 6,0\/ 3,5 Amp Frecuencia Nominal: 300 Hz Peso: 4,8 kg Di\u00e2metro M\u00e1x. de Muela Abrasiva: 101mm (4\u2033) Dimensiones: [&hellip;]","og_url":"https:\/\/salinas-electromecanica.com\/eus\/producto\/amoladora-recta-alta-frecuencia-tecmaf-aft-03753\/","og_site_name":"Salinas Electromec\u00e1nica","og_image":[{"width":400,"height":400,"url":"https:\/\/salinas-electromecanica.com\/eus\/wp-content\/uploads\/2023\/02\/xx.jpg","type":"image\/jpeg"}],"twitter_card":"summary_large_image","twitter_misc":{"Tiempo de lectura":"2 minutos"},"schema":{"@context":"https:\/\/schema.org","@graph":[{"@type":"WebPage","@id":"https:\/\/salinas-electromecanica.com\/eus\/producto\/amoladora-recta-alta-frecuencia-tecmaf-aft-03753\/","url":"https:\/\/salinas-electromecanica.com\/eus\/producto\/amoladora-recta-alta-frecuencia-tecmaf-aft-03753\/","name":"Amoladora recta Alta Frecuencia TECMAF AFT 03753 - Salinas Electromec\u00e1nica","isPartOf":{"@id":"https:\/\/salinas-electromecanica.com\/eus\/#website"},"primaryImageOfPage":{"@id":"https:\/\/salinas-electromecanica.com\/eus\/producto\/amoladora-recta-alta-frecuencia-tecmaf-aft-03753\/#primaryimage"},"image":{"@id":"https:\/\/salinas-electromecanica.com\/eus\/producto\/amoladora-recta-alta-frecuencia-tecmaf-aft-03753\/#primaryimage"},"thumbnailUrl":"https:\/\/salinas-electromecanica.com\/eus\/wp-content\/uploads\/2023\/02\/xx.jpg","datePublished":"2023-02-09T09:33:30+00:00","breadcrumb":{"@id":"https:\/\/salinas-electromecanica.com\/eus\/producto\/amoladora-recta-alta-frecuencia-tecmaf-aft-03753\/#breadcrumb"},"inLanguage":"es","potentialAction":[{"@type":"ReadAction","target":["https:\/\/salinas-electromecanica.com\/eus\/producto\/amoladora-recta-alta-frecuencia-tecmaf-aft-03753\/"]}]},{"@type":"ImageObject","inLanguage":"es","@id":"https:\/\/salinas-electromecanica.com\/eus\/producto\/amoladora-recta-alta-frecuencia-tecmaf-aft-03753\/#primaryimage","url":"https:\/\/salinas-electromecanica.com\/eus\/wp-content\/uploads\/2023\/02\/xx.jpg","contentUrl":"https:\/\/salinas-electromecanica.com\/eus\/wp-content\/uploads\/2023\/02\/xx.jpg","width":400,"height":400},{"@type":"BreadcrumbList","@id":"https:\/\/salinas-electromecanica.com\/eus\/producto\/amoladora-recta-alta-frecuencia-tecmaf-aft-03753\/#breadcrumb","itemListElement":[{"@type":"ListItem","position":1,"name":"Portada","item":"https:\/\/salinas-electromecanica.com\/eus\/"},{"@type":"ListItem","position":2,"name":"Tienda","item":"https:\/\/salinas-electromecanica.com\/eus\/tienda\/"},{"@type":"ListItem","position":3,"name":"Amoladora recta Alta Frecuencia TECMAF AFT 03753"}]},{"@type":"WebSite","@id":"https:\/\/salinas-electromecanica.com\/eus\/#website","url":"https:\/\/salinas-electromecanica.com\/eus\/","name":"Salinas Electromec\u00e1nica","description":"Comercializaci\u00f3n, mantenimiento y reparaci\u00f3n de maquinaria el\u00e9ctrica","potentialAction":[{"@type":"SearchAction","target":{"@type":"EntryPoint","urlTemplate":"https:\/\/salinas-electromecanica.com\/eus\/?s={search_term_string}"},"query-input":{"@type":"PropertyValueSpecification","valueRequired":true,"valueName":"search_term_string"}}],"inLanguage":"es"}]}},"_links":{"self":[{"href":"https:\/\/salinas-electromecanica.com\/eus\/wp-json\/wp\/v2\/product\/2560","targetHints":{"allow":["GET"]}}],"collection":[{"href":"https:\/\/salinas-electromecanica.com\/eus\/wp-json\/wp\/v2\/product"}],"about":[{"href":"https:\/\/salinas-electromecanica.com\/eus\/wp-json\/wp\/v2\/types\/product"}],"replies":[{"embeddable":true,"href":"https:\/\/salinas-electromecanica.com\/eus\/wp-json\/wp\/v2\/comments?post=2560"}],"wp:featuredmedia":[{"embeddable":true,"href":"https:\/\/salinas-electromecanica.com\/eus\/wp-json\/wp\/v2\/media\/2561"}],"wp:attachment":[{"href":"https:\/\/salinas-electromecanica.com\/eus\/wp-json\/wp\/v2\/media?parent=2560"}],"wp:term":[{"taxonomy":"product_brand","embeddable":true,"href":"https:\/\/salinas-electromecanica.com\/eus\/wp-json\/wp\/v2\/product_brand?post=2560"},{"taxonomy":"product_cat","embeddable":true,"href":"https:\/\/salinas-electromecanica.com\/eus\/wp-json\/wp\/v2\/product_cat?post=2560"},{"taxonomy":"product_tag","embeddable":true,"href":"https:\/\/salinas-electromecanica.com\/eus\/wp-json\/wp\/v2\/product_tag?post=2560"}],"curies":[{"name":"wp","href":"https:\/\/api.w.org\/{rel}","templated":true}]}}