{"id":1276,"date":"2021-10-28T07:34:18","date_gmt":"2021-10-28T07:34:18","guid":{"rendered":"https:\/\/salinas-electromecanica.com\/eus\/?page_id=1276"},"modified":"2023-02-13T17:03:24","modified_gmt":"2023-02-13T17:03:24","slug":"aurkezpena","status":"publish","type":"page","link":"https:\/\/salinas-electromecanica.com\/eus\/aurkezpena\/","title":{"rendered":"AURKEZPENA"},"content":{"rendered":"<p>[et_pb_section fb_built=&#8221;1&#8243; _builder_version=&#8221;4.16&#8243; _module_preset=&#8221;default&#8221; global_colors_info=&#8221;{}&#8221;][et_pb_row use_custom_gutter=&#8221;on&#8221; _builder_version=&#8221;4.16&#8243; _module_preset=&#8221;default&#8221; width=&#8221;90%&#8221; max_width=&#8221;1900px&#8221; custom_margin=&#8221;-64px||||false|false&#8221; global_colors_info=&#8221;{}&#8221;][et_pb_column type=&#8221;4_4&#8243; _builder_version=&#8221;4.16&#8243; _module_preset=&#8221;default&#8221; global_colors_info=&#8221;{}&#8221;][et_pb_text _builder_version=&#8221;4.16&#8243; _module_preset=&#8221;default&#8221; global_colors_info=&#8221;{}&#8221;]<\/p>\n<p><code><span><span><a href=\"https:\/\/salinas-electromecanica.com\/eus\/\">Portada<\/a><\/span><\/span><\/code><\/p>\n<hr \/>\n<p>&nbsp;<\/p>\n<p>[\/et_pb_text][\/et_pb_column][\/et_pb_row][\/et_pb_section][et_pb_section fb_built=&#8221;1&#8243; fullwidth=&#8221;on&#8221; _builder_version=&#8221;4.16&#8243; _module_preset=&#8221;default&#8221; custom_margin=&#8221;56px||||false|false&#8221; global_colors_info=&#8221;{}&#8221;][et_pb_fullwidth_slider _builder_version=&#8221;4.19.4&#8243; _module_preset=&#8221;default&#8221; background_image=&#8221;https:\/\/salinas-electromecanica.com\/eus\/wp-content\/uploads\/2021\/10\/bosque-1.png&#8221; custom_margin=&#8221;-132px||||false|false&#8221; global_colors_info=&#8221;{}&#8221;][et_pb_slide _builder_version=&#8221;4.19.4&#8243; _module_preset=&#8221;default&#8221; background_image=&#8221;https:\/\/salinas-electromecanica.com\/eus\/wp-content\/uploads\/2023\/01\/AMOLADORA.jpg&#8221; background_enable_image=&#8221;on&#8221; global_colors_info=&#8221;{}&#8221; sticky_transition=&#8221;on&#8221;][\/et_pb_slide][\/et_pb_fullwidth_slider][\/et_pb_section][et_pb_section fb_built=&#8221;1&#8243; _builder_version=&#8221;4.16&#8243; _module_preset=&#8221;default&#8221; global_colors_info=&#8221;{}&#8221;][et_pb_row use_custom_gutter=&#8221;on&#8221; _builder_version=&#8221;4.16&#8243; _module_preset=&#8221;default&#8221; width=&#8221;90%&#8221; max_width=&#8221;1900px&#8221; global_colors_info=&#8221;{}&#8221;][et_pb_column type=&#8221;4_4&#8243; _builder_version=&#8221;4.16&#8243; _module_preset=&#8221;default&#8221; global_colors_info=&#8221;{}&#8221;][et_pb_text _builder_version=&#8221;4.19.4&#8243; _module_preset=&#8221;default&#8221; custom_padding=&#8221;||0px|||&#8221; hover_enabled=&#8221;0&#8243; global_colors_info=&#8221;{}&#8221; sticky_enabled=&#8221;0&#8243;]<\/p>\n<h1><strong>AURKEZPENA<\/strong><\/h1>\n<h2>Frekuentzi garaiko makinen konponketa eta hornidura<\/h2>\n<p>Erreminta eta makineria eramangarrien konponketa, mantentze eta hornikuntzara diharduen enpresa bat gara, 30 urte baino gehiagoko esperientzia duena.<\/p>\n<p>Bereiztzen gaituen ezaugarrietako bat bai konponketan, bai fabrikazio prozesu bakoitzean erabili beharreko ekipoen aholkularitzan dugun esperientzia da.<\/p>\n<p>Gure bezeroek gure profesionaltasuna eta diskrezioa baloratzen dute zerbitzuaren kalitatean eta prezioan.<\/p>\n<p>Ordezko piezak eta makineria zuzenean inportatzen ditugu Alemaniatik eta beste herrialdeetatik.<\/p>\n<p>Zer da frekuentzi handia?<\/p>\n<p>Ingeniaritza elektrikoan, 10 kHz-tik gorako frekuentziak bakarrik hartzen dira maiztasun handikotzat.<\/p>\n<p>Hala ere, erreminta elektrikoetan kontzeptu hau maiztasun estandarraren gainetik (50\/60 Hz) sareko maiztasun guztietan sartu da.<\/p>\n<p>Gaur egun, 300 Hz-eko frekuntzia erabiltzen da batez ere frekuentzi handiko erremintetarako.<\/p>\n<p>&nbsp;<\/p>\n<p>Errendimenduaren hobekuntza<\/p>\n<p>Beraz, zergatik eramaten da korrontea entxufetik maiztasun handiagoan? Arrazoietako bat botere handiagoa bilatzea da.<\/p>\n<p>Frekuentzia handituz abiadura handiagoa lortzen da. Maiztasun handiagoarekin proportzio zuzenean, motorraren potentzia eraginkorra handitzen da. 300 Hz-ekin potentzia sei aldiz biderkatzen da, maiztasuna 50 Hz baino sei aldiz handiagoa delako.<\/p>\n<p>Korrontea maiztasun horretara igotzeko beharrezkoak diren maiztasun-bihurgailuak korronte sare trifasikora konektatzen dira.<\/p>\n<p>&nbsp;<\/p>\n<p>Abantailak<\/p>\n<p>Beste abantaila askok maiztasun handiko tresna elektrikoak erabiltzea justifikatzen dute industria-ingurunean. Potentzia handiari, abiadura idealei, kargapean ere abiadura konstanteari eta horrek dakarren artezketa-errendimendu izugarriari esker, produktibitatea nabarmen handitzen da.<\/p>\n<p>&nbsp;<\/p>\n<p>Erreminten higadura gutxitzen da.<\/p>\n<p>Maiztasun handiko erremintak eraikuntza mailan diseinatu dira karga maximorako eta mantenu kostu minimoetarako. Ondorioz, bizitza luzeagoa, geldialdi-denbora txikiagoa eta mantentze- eta konponketa-kostuak murrizten dira.<\/p>\n<p>Etengabeko erabilera industrialean, txanda anitzeko funtzionamenduan adibidez, maiztasun handia erabiltzeko erabakia oso garrantzitsua da errentagarritasun handiagoa lortzeko.<\/p>\n<p>[\/et_pb_text][\/et_pb_column][\/et_pb_row][\/et_pb_section]<\/p>\n","protected":false},"excerpt":{"rendered":"<p><span><span><a href=\"https:\/\/salinas-electromecanica.com\/eus\/\">Portada<\/a><\/span><\/span> &nbsp;AURKEZPENA Frekuentzi garaiko makinen konponketa eta hornidura Erreminta eta makineria eramangarrien konponketa, mantentze eta hornikuntzara diharduen enpresa bat gara, 30 urte baino gehiagoko esperientzia duena. Bereiztzen gaituen ezaugarrietako bat bai konponketan, bai fabrikazio prozesu bakoitzean erabili beharreko ekipoen aholkularitzan dugun esperientzia da. Gure bezeroek gure profesionaltasuna eta diskrezioa baloratzen dute zerbitzuaren kalitatean eta prezioan. [&hellip;]<\/p>\n","protected":false},"author":1,"featured_media":0,"parent":0,"menu_order":0,"comment_status":"closed","ping_status":"closed","template":"","meta":{"_et_pb_use_builder":"on","_et_pb_old_content":"","_et_gb_content_width":"","footnotes":""},"class_list":["post-1276","page","type-page","status-publish","hentry"],"yoast_head":"<!-- This site is optimized with the Yoast SEO plugin v27.2 - https:\/\/yoast.com\/product\/yoast-seo-wordpress\/ -->\n<title>AURKEZPENA - Salinas Electromec\u00e1nica<\/title>\n<meta name=\"robots\" content=\"index, follow, max-snippet:-1, max-image-preview:large, max-video-preview:-1\" \/>\n<link rel=\"canonical\" href=\"https:\/\/salinas-electromecanica.com\/eus\/aurkezpena\/\" \/>\n<meta property=\"og:locale\" content=\"es_ES\" \/>\n<meta property=\"og:type\" content=\"article\" \/>\n<meta property=\"og:title\" content=\"AURKEZPENA - Salinas Electromec\u00e1nica\" \/>\n<meta property=\"og:description\" content=\"&nbsp;AURKEZPENA Frekuentzi garaiko makinen konponketa eta hornidura Erreminta eta makineria eramangarrien konponketa, mantentze eta hornikuntzara diharduen enpresa bat gara, 30 urte baino gehiagoko esperientzia duena. Bereiztzen gaituen ezaugarrietako bat bai konponketan, bai fabrikazio prozesu bakoitzean erabili beharreko ekipoen aholkularitzan dugun esperientzia da. Gure bezeroek gure profesionaltasuna eta diskrezioa baloratzen dute zerbitzuaren kalitatean eta prezioan. [&hellip;]\" \/>\n<meta property=\"og:url\" content=\"https:\/\/salinas-electromecanica.com\/eus\/aurkezpena\/\" \/>\n<meta property=\"og:site_name\" content=\"Salinas Electromec\u00e1nica\" \/>\n<meta property=\"article:modified_time\" content=\"2023-02-13T17:03:24+00:00\" \/>\n<meta name=\"twitter:card\" content=\"summary_large_image\" \/>\n<meta name=\"twitter:label1\" content=\"Tiempo de lectura\" \/>\n\t<meta name=\"twitter:data1\" content=\"2 minutos\" \/>\n<script type=\"application\/ld+json\" class=\"yoast-schema-graph\">{\"@context\":\"https:\/\/schema.org\",\"@graph\":[{\"@type\":\"WebPage\",\"@id\":\"https:\/\/salinas-electromecanica.com\/eus\/aurkezpena\/\",\"url\":\"https:\/\/salinas-electromecanica.com\/eus\/aurkezpena\/\",\"name\":\"AURKEZPENA - Salinas Electromec\u00e1nica\",\"isPartOf\":{\"@id\":\"https:\/\/salinas-electromecanica.com\/eus\/#website\"},\"datePublished\":\"2021-10-28T07:34:18+00:00\",\"dateModified\":\"2023-02-13T17:03:24+00:00\",\"breadcrumb\":{\"@id\":\"https:\/\/salinas-electromecanica.com\/eus\/aurkezpena\/#breadcrumb\"},\"inLanguage\":\"es\",\"potentialAction\":[{\"@type\":\"ReadAction\",\"target\":[\"https:\/\/salinas-electromecanica.com\/eus\/aurkezpena\/\"]}]},{\"@type\":\"BreadcrumbList\",\"@id\":\"https:\/\/salinas-electromecanica.com\/eus\/aurkezpena\/#breadcrumb\",\"itemListElement\":[{\"@type\":\"ListItem\",\"position\":1,\"name\":\"Portada\",\"item\":\"https:\/\/salinas-electromecanica.com\/eus\/\"},{\"@type\":\"ListItem\",\"position\":2,\"name\":\"AURKEZPENA\"}]},{\"@type\":\"WebSite\",\"@id\":\"https:\/\/salinas-electromecanica.com\/eus\/#website\",\"url\":\"https:\/\/salinas-electromecanica.com\/eus\/\",\"name\":\"Salinas Electromec\u00e1nica\",\"description\":\"Comercializaci\u00f3n, mantenimiento y reparaci\u00f3n de maquinaria el\u00e9ctrica\",\"potentialAction\":[{\"@type\":\"SearchAction\",\"target\":{\"@type\":\"EntryPoint\",\"urlTemplate\":\"https:\/\/salinas-electromecanica.com\/eus\/?s={search_term_string}\"},\"query-input\":{\"@type\":\"PropertyValueSpecification\",\"valueRequired\":true,\"valueName\":\"search_term_string\"}}],\"inLanguage\":\"es\"}]}<\/script>\n<!-- \/ Yoast SEO plugin. -->","yoast_head_json":{"title":"AURKEZPENA - Salinas Electromec\u00e1nica","robots":{"index":"index","follow":"follow","max-snippet":"max-snippet:-1","max-image-preview":"max-image-preview:large","max-video-preview":"max-video-preview:-1"},"canonical":"https:\/\/salinas-electromecanica.com\/eus\/aurkezpena\/","og_locale":"es_ES","og_type":"article","og_title":"AURKEZPENA - Salinas Electromec\u00e1nica","og_description":"&nbsp;AURKEZPENA Frekuentzi garaiko makinen konponketa eta hornidura Erreminta eta makineria eramangarrien konponketa, mantentze eta hornikuntzara diharduen enpresa bat gara, 30 urte baino gehiagoko esperientzia duena. Bereiztzen gaituen ezaugarrietako bat bai konponketan, bai fabrikazio prozesu bakoitzean erabili beharreko ekipoen aholkularitzan dugun esperientzia da. Gure bezeroek gure profesionaltasuna eta diskrezioa baloratzen dute zerbitzuaren kalitatean eta prezioan. [&hellip;]","og_url":"https:\/\/salinas-electromecanica.com\/eus\/aurkezpena\/","og_site_name":"Salinas Electromec\u00e1nica","article_modified_time":"2023-02-13T17:03:24+00:00","twitter_card":"summary_large_image","twitter_misc":{"Tiempo de lectura":"2 minutos"},"schema":{"@context":"https:\/\/schema.org","@graph":[{"@type":"WebPage","@id":"https:\/\/salinas-electromecanica.com\/eus\/aurkezpena\/","url":"https:\/\/salinas-electromecanica.com\/eus\/aurkezpena\/","name":"AURKEZPENA - Salinas Electromec\u00e1nica","isPartOf":{"@id":"https:\/\/salinas-electromecanica.com\/eus\/#website"},"datePublished":"2021-10-28T07:34:18+00:00","dateModified":"2023-02-13T17:03:24+00:00","breadcrumb":{"@id":"https:\/\/salinas-electromecanica.com\/eus\/aurkezpena\/#breadcrumb"},"inLanguage":"es","potentialAction":[{"@type":"ReadAction","target":["https:\/\/salinas-electromecanica.com\/eus\/aurkezpena\/"]}]},{"@type":"BreadcrumbList","@id":"https:\/\/salinas-electromecanica.com\/eus\/aurkezpena\/#breadcrumb","itemListElement":[{"@type":"ListItem","position":1,"name":"Portada","item":"https:\/\/salinas-electromecanica.com\/eus\/"},{"@type":"ListItem","position":2,"name":"AURKEZPENA"}]},{"@type":"WebSite","@id":"https:\/\/salinas-electromecanica.com\/eus\/#website","url":"https:\/\/salinas-electromecanica.com\/eus\/","name":"Salinas Electromec\u00e1nica","description":"Comercializaci\u00f3n, mantenimiento y reparaci\u00f3n de maquinaria el\u00e9ctrica","potentialAction":[{"@type":"SearchAction","target":{"@type":"EntryPoint","urlTemplate":"https:\/\/salinas-electromecanica.com\/eus\/?s={search_term_string}"},"query-input":{"@type":"PropertyValueSpecification","valueRequired":true,"valueName":"search_term_string"}}],"inLanguage":"es"}]}},"_links":{"self":[{"href":"https:\/\/salinas-electromecanica.com\/eus\/wp-json\/wp\/v2\/pages\/1276","targetHints":{"allow":["GET"]}}],"collection":[{"href":"https:\/\/salinas-electromecanica.com\/eus\/wp-json\/wp\/v2\/pages"}],"about":[{"href":"https:\/\/salinas-electromecanica.com\/eus\/wp-json\/wp\/v2\/types\/page"}],"author":[{"embeddable":true,"href":"https:\/\/salinas-electromecanica.com\/eus\/wp-json\/wp\/v2\/users\/1"}],"replies":[{"embeddable":true,"href":"https:\/\/salinas-electromecanica.com\/eus\/wp-json\/wp\/v2\/comments?post=1276"}],"version-history":[{"count":16,"href":"https:\/\/salinas-electromecanica.com\/eus\/wp-json\/wp\/v2\/pages\/1276\/revisions"}],"predecessor-version":[{"id":2621,"href":"https:\/\/salinas-electromecanica.com\/eus\/wp-json\/wp\/v2\/pages\/1276\/revisions\/2621"}],"wp:attachment":[{"href":"https:\/\/salinas-electromecanica.com\/eus\/wp-json\/wp\/v2\/media?parent=1276"}],"curies":[{"name":"wp","href":"https:\/\/api.w.org\/{rel}","templated":true}]}}